{"id":8064,"date":"2022-07-03T13:11:09","date_gmt":"2022-07-03T13:11:09","guid":{"rendered":"https:\/\/valldolina.com\/producte\/valldolina-rose\/"},"modified":"2022-07-03T13:11:09","modified_gmt":"2022-07-03T13:11:09","slug":"valldolina-rose","status":"publish","type":"product","link":"https:\/\/valldolina.com\/en\/producte\/valldolina-rose\/","title":{"rendered":"Valldolina Ros\u00e9"},"content":{"rendered":"<p><strong>100% Garraf Massif.<\/strong><br \/>\n<strong>Mountain wines.<\/strong><br \/>\n<strong>Old vineyards.<\/strong><\/p>\n<p>&nbsp;<\/p>\n<p>An intensity that has gradually softened to become a pale pink colour, without losing any of its complexity or silkiness.<br \/>Mineral and fresh with intense aromas of red berries.<\/p>\n","protected":false},"excerpt":{"rendered":"<p>Ros\u00e9. Marselan grape. <\/p>\n","protected":false},"featured_media":6135,"template":"","meta":{"_acf_changed":false},"product_brand":[],"product_cat":[79,77],"product_tag":[],"class_list":{"0":"post-8064","1":"product","2":"type-product","3":"status-publish","4":"has-post-thumbnail","6":"product_cat-rose","7":"product_cat-wines","9":"first","10":"instock","11":"taxable","12":"shipping-taxable","13":"purchasable","14":"product-type-simple"},"acf":[],"yoast_head":"<!-- This site is optimized with the Yoast SEO plugin v27.3 - https:\/\/yoast.com\/product\/yoast-seo-wordpress\/ -->\n<title>Valldolina Ros\u00e9 - Valldolina<\/title>\n<meta name=\"description\" content=\"Valldolina ros\u00e9, pale ros\u00e9 without leaving behind either complexity or silkiness. Mineral and fresh with intense aromas of red fruits.\" \/>\n<meta name=\"robots\" content=\"index, follow, max-snippet:-1, max-image-preview:large, max-video-preview:-1\" \/>\n<link rel=\"canonical\" href=\"https:\/\/valldolina.com\/en\/producte\/valldolina-rose\/\" \/>\n<meta property=\"og:locale\" content=\"en_US\" \/>\n<meta property=\"og:type\" content=\"article\" \/>\n<meta property=\"og:title\" content=\"Valldolina Ros\u00e9 - Valldolina\" \/>\n<meta property=\"og:description\" content=\"Valldolina ros\u00e9, pale ros\u00e9 without leaving behind either complexity or silkiness. Mineral and fresh with intense aromas of red fruits.\" \/>\n<meta property=\"og:url\" content=\"https:\/\/valldolina.com\/en\/producte\/valldolina-rose\/\" \/>\n<meta property=\"og:site_name\" content=\"Valldolina\" \/>\n<meta property=\"article:publisher\" content=\"https:\/\/www.facebook.com\/valldolina.eco\/?locale=es_ES\" \/>\n<meta property=\"og:image\" content=\"https:\/\/valldolina.com\/wp-content\/uploads\/2022\/10\/penedes-sombra.png\" \/>\n\t<meta property=\"og:image:width\" content=\"790\" \/>\n\t<meta property=\"og:image:height\" content=\"2224\" \/>\n\t<meta property=\"og:image:type\" content=\"image\/png\" \/>\n<meta name=\"twitter:card\" content=\"summary_large_image\" \/>\n<script type=\"application\/ld+json\" class=\"yoast-schema-graph\">{\"@context\":\"https:\\\/\\\/schema.org\",\"@graph\":[{\"@type\":\"WebPage\",\"@id\":\"https:\\\/\\\/valldolina.com\\\/en\\\/producte\\\/valldolina-rose\\\/\",\"url\":\"https:\\\/\\\/valldolina.com\\\/en\\\/producte\\\/valldolina-rose\\\/\",\"name\":\"Valldolina Ros\u00e9 - Valldolina\",\"isPartOf\":{\"@id\":\"https:\\\/\\\/valldolina.com\\\/#website\"},\"primaryImageOfPage\":{\"@id\":\"https:\\\/\\\/valldolina.com\\\/en\\\/producte\\\/valldolina-rose\\\/#primaryimage\"},\"image\":{\"@id\":\"https:\\\/\\\/valldolina.com\\\/en\\\/producte\\\/valldolina-rose\\\/#primaryimage\"},\"thumbnailUrl\":\"https:\\\/\\\/valldolina.com\\\/wp-content\\\/uploads\\\/2022\\\/10\\\/penedes-sombra.png\",\"datePublished\":\"2022-07-03T13:11:09+00:00\",\"description\":\"Valldolina ros\u00e9, pale ros\u00e9 without leaving behind either complexity or silkiness. Mineral and fresh with intense aromas of red fruits.\",\"breadcrumb\":{\"@id\":\"https:\\\/\\\/valldolina.com\\\/en\\\/producte\\\/valldolina-rose\\\/#breadcrumb\"},\"inLanguage\":\"en-US\",\"potentialAction\":[{\"@type\":\"ReadAction\",\"target\":[\"https:\\\/\\\/valldolina.com\\\/en\\\/producte\\\/valldolina-rose\\\/\"]}]},{\"@type\":\"ImageObject\",\"inLanguage\":\"en-US\",\"@id\":\"https:\\\/\\\/valldolina.com\\\/en\\\/producte\\\/valldolina-rose\\\/#primaryimage\",\"url\":\"https:\\\/\\\/valldolina.com\\\/wp-content\\\/uploads\\\/2022\\\/10\\\/penedes-sombra.png\",\"contentUrl\":\"https:\\\/\\\/valldolina.com\\\/wp-content\\\/uploads\\\/2022\\\/10\\\/penedes-sombra.png\",\"width\":790,\"height\":2224},{\"@type\":\"BreadcrumbList\",\"@id\":\"https:\\\/\\\/valldolina.com\\\/en\\\/producte\\\/valldolina-rose\\\/#breadcrumb\",\"itemListElement\":[{\"@type\":\"ListItem\",\"position\":1,\"name\":\"Inici\",\"item\":\"https:\\\/\\\/valldolina.com\\\/en\\\/home\\\/\"},{\"@type\":\"ListItem\",\"position\":2,\"name\":\"Shop\",\"item\":\"https:\\\/\\\/valldolina.com\\\/en\\\/shop\\\/\"},{\"@type\":\"ListItem\",\"position\":3,\"name\":\"Valldolina Ros\u00e9\"}]},{\"@type\":\"WebSite\",\"@id\":\"https:\\\/\\\/valldolina.com\\\/#website\",\"url\":\"https:\\\/\\\/valldolina.com\\\/\",\"name\":\"Vinos y cavas ecol\u00f3gicos\",\"description\":\"Viticultors i elaboradors\",\"publisher\":{\"@id\":\"https:\\\/\\\/valldolina.com\\\/#organization\"},\"potentialAction\":[{\"@type\":\"SearchAction\",\"target\":{\"@type\":\"EntryPoint\",\"urlTemplate\":\"https:\\\/\\\/valldolina.com\\\/?s={search_term_string}\"},\"query-input\":{\"@type\":\"PropertyValueSpecification\",\"valueRequired\":true,\"valueName\":\"search_term_string\"}}],\"inLanguage\":\"en-US\"},{\"@type\":\"Organization\",\"@id\":\"https:\\\/\\\/valldolina.com\\\/#organization\",\"name\":\"Valldolina\",\"url\":\"https:\\\/\\\/valldolina.com\\\/\",\"logo\":{\"@type\":\"ImageObject\",\"inLanguage\":\"en-US\",\"@id\":\"https:\\\/\\\/valldolina.com\\\/#\\\/schema\\\/logo\\\/image\\\/\",\"url\":\"https:\\\/\\\/valldolina.com\\\/wp-content\\\/uploads\\\/2022\\\/07\\\/cropped-Layer-1-1.png\",\"contentUrl\":\"https:\\\/\\\/valldolina.com\\\/wp-content\\\/uploads\\\/2022\\\/07\\\/cropped-Layer-1-1.png\",\"width\":1054,\"height\":302,\"caption\":\"Valldolina\"},\"image\":{\"@id\":\"https:\\\/\\\/valldolina.com\\\/#\\\/schema\\\/logo\\\/image\\\/\"},\"sameAs\":[\"https:\\\/\\\/www.facebook.com\\\/valldolina.eco\\\/?locale=es_ES\",\"https:\\\/\\\/www.instagram.com\\\/valldolina\\\/?hl=es\"]}]}<\/script>\n<!-- \/ Yoast SEO plugin. -->","yoast_head_json":{"title":"Valldolina Ros\u00e9 - Valldolina","description":"Valldolina ros\u00e9, pale ros\u00e9 without leaving behind either complexity or silkiness. Mineral and fresh with intense aromas of red fruits.","robots":{"index":"index","follow":"follow","max-snippet":"max-snippet:-1","max-image-preview":"max-image-preview:large","max-video-preview":"max-video-preview:-1"},"canonical":"https:\/\/valldolina.com\/en\/producte\/valldolina-rose\/","og_locale":"en_US","og_type":"article","og_title":"Valldolina Ros\u00e9 - Valldolina","og_description":"Valldolina ros\u00e9, pale ros\u00e9 without leaving behind either complexity or silkiness. Mineral and fresh with intense aromas of red fruits.","og_url":"https:\/\/valldolina.com\/en\/producte\/valldolina-rose\/","og_site_name":"Valldolina","article_publisher":"https:\/\/www.facebook.com\/valldolina.eco\/?locale=es_ES","og_image":[{"width":790,"height":2224,"url":"https:\/\/valldolina.com\/wp-content\/uploads\/2022\/10\/penedes-sombra.png","type":"image\/png"}],"twitter_card":"summary_large_image","schema":{"@context":"https:\/\/schema.org","@graph":[{"@type":"WebPage","@id":"https:\/\/valldolina.com\/en\/producte\/valldolina-rose\/","url":"https:\/\/valldolina.com\/en\/producte\/valldolina-rose\/","name":"Valldolina Ros\u00e9 - Valldolina","isPartOf":{"@id":"https:\/\/valldolina.com\/#website"},"primaryImageOfPage":{"@id":"https:\/\/valldolina.com\/en\/producte\/valldolina-rose\/#primaryimage"},"image":{"@id":"https:\/\/valldolina.com\/en\/producte\/valldolina-rose\/#primaryimage"},"thumbnailUrl":"https:\/\/valldolina.com\/wp-content\/uploads\/2022\/10\/penedes-sombra.png","datePublished":"2022-07-03T13:11:09+00:00","description":"Valldolina ros\u00e9, pale ros\u00e9 without leaving behind either complexity or silkiness. Mineral and fresh with intense aromas of red fruits.","breadcrumb":{"@id":"https:\/\/valldolina.com\/en\/producte\/valldolina-rose\/#breadcrumb"},"inLanguage":"en-US","potentialAction":[{"@type":"ReadAction","target":["https:\/\/valldolina.com\/en\/producte\/valldolina-rose\/"]}]},{"@type":"ImageObject","inLanguage":"en-US","@id":"https:\/\/valldolina.com\/en\/producte\/valldolina-rose\/#primaryimage","url":"https:\/\/valldolina.com\/wp-content\/uploads\/2022\/10\/penedes-sombra.png","contentUrl":"https:\/\/valldolina.com\/wp-content\/uploads\/2022\/10\/penedes-sombra.png","width":790,"height":2224},{"@type":"BreadcrumbList","@id":"https:\/\/valldolina.com\/en\/producte\/valldolina-rose\/#breadcrumb","itemListElement":[{"@type":"ListItem","position":1,"name":"Inici","item":"https:\/\/valldolina.com\/en\/home\/"},{"@type":"ListItem","position":2,"name":"Shop","item":"https:\/\/valldolina.com\/en\/shop\/"},{"@type":"ListItem","position":3,"name":"Valldolina Ros\u00e9"}]},{"@type":"WebSite","@id":"https:\/\/valldolina.com\/#website","url":"https:\/\/valldolina.com\/","name":"Vinos y cavas ecol\u00f3gicos","description":"Viticultors i elaboradors","publisher":{"@id":"https:\/\/valldolina.com\/#organization"},"potentialAction":[{"@type":"SearchAction","target":{"@type":"EntryPoint","urlTemplate":"https:\/\/valldolina.com\/?s={search_term_string}"},"query-input":{"@type":"PropertyValueSpecification","valueRequired":true,"valueName":"search_term_string"}}],"inLanguage":"en-US"},{"@type":"Organization","@id":"https:\/\/valldolina.com\/#organization","name":"Valldolina","url":"https:\/\/valldolina.com\/","logo":{"@type":"ImageObject","inLanguage":"en-US","@id":"https:\/\/valldolina.com\/#\/schema\/logo\/image\/","url":"https:\/\/valldolina.com\/wp-content\/uploads\/2022\/07\/cropped-Layer-1-1.png","contentUrl":"https:\/\/valldolina.com\/wp-content\/uploads\/2022\/07\/cropped-Layer-1-1.png","width":1054,"height":302,"caption":"Valldolina"},"image":{"@id":"https:\/\/valldolina.com\/#\/schema\/logo\/image\/"},"sameAs":["https:\/\/www.facebook.com\/valldolina.eco\/?locale=es_ES","https:\/\/www.instagram.com\/valldolina\/?hl=es"]}]}},"_links":{"self":[{"href":"https:\/\/valldolina.com\/en\/wp-json\/wp\/v2\/product\/8064","targetHints":{"allow":["GET"]}}],"collection":[{"href":"https:\/\/valldolina.com\/en\/wp-json\/wp\/v2\/product"}],"about":[{"href":"https:\/\/valldolina.com\/en\/wp-json\/wp\/v2\/types\/product"}],"wp:featuredmedia":[{"embeddable":true,"href":"https:\/\/valldolina.com\/en\/wp-json\/wp\/v2\/media\/6135"}],"wp:attachment":[{"href":"https:\/\/valldolina.com\/en\/wp-json\/wp\/v2\/media?parent=8064"}],"wp:term":[{"taxonomy":"product_brand","embeddable":true,"href":"https:\/\/valldolina.com\/en\/wp-json\/wp\/v2\/product_brand?post=8064"},{"taxonomy":"product_cat","embeddable":true,"href":"https:\/\/valldolina.com\/en\/wp-json\/wp\/v2\/product_cat?post=8064"},{"taxonomy":"product_tag","embeddable":true,"href":"https:\/\/valldolina.com\/en\/wp-json\/wp\/v2\/product_tag?post=8064"}],"curies":[{"name":"wp","href":"https:\/\/api.w.org\/{rel}","templated":true}]}}