{"id":6209,"date":"2022-08-09T17:21:45","date_gmt":"2022-08-09T17:21:45","guid":{"rendered":"https:\/\/valldolina.com\/aviso-legal\/"},"modified":"2023-06-09T10:11:18","modified_gmt":"2023-06-09T10:11:18","slug":"aviso-legal","status":"publish","type":"page","link":"https:\/\/valldolina.com\/es\/aviso-legal\/","title":{"rendered":"Aviso legal"},"content":{"rendered":"\t\t<div data-elementor-type=\"wp-page\" data-elementor-id=\"6209\" class=\"elementor elementor-6209 elementor-1757\" data-elementor-post-type=\"page\">\n\t\t\t\t\t\t<section class=\"elementor-section elementor-top-section elementor-element elementor-element-f7267f6 elementor-section-boxed elementor-section-height-default elementor-section-height-default\" data-id=\"f7267f6\" data-element_type=\"section\" data-e-type=\"section\" data-settings=\"{&quot;background_background&quot;:&quot;classic&quot;}\">\n\t\t\t\t\t\t<div class=\"elementor-container elementor-column-gap-default\">\n\t\t\t\t\t<div class=\"elementor-column elementor-col-100 elementor-top-column elementor-element elementor-element-5c8533a\" data-id=\"5c8533a\" data-element_type=\"column\" data-e-type=\"column\">\n\t\t\t<div class=\"elementor-widget-wrap elementor-element-populated\">\n\t\t\t\t\t\t<div class=\"elementor-element elementor-element-45e0a7a elementor-widget elementor-widget-heading\" data-id=\"45e0a7a\" data-element_type=\"widget\" data-e-type=\"widget\" data-widget_type=\"heading.default\">\n\t\t\t\t<div class=\"elementor-widget-container\">\n\t\t\t\t\t<h2 class=\"elementor-heading-title elementor-size-default\">Aviso legal<\/h2>\t\t\t\t<\/div>\n\t\t\t\t<\/div>\n\t\t\t\t<div class=\"elementor-element elementor-element-05bf6c0 elementor-widget elementor-widget-text-editor\" data-id=\"05bf6c0\" data-element_type=\"widget\" data-e-type=\"widget\" data-widget_type=\"text-editor.default\">\n\t\t\t\t<div class=\"elementor-widget-container\">\n\t\t\t\t\t\t\t\t\t<p>Datos identificativos<br \/>En cumplimiento con el deber de informaci\u00f3n recogido en el art\u00edculo 10 de la Ley 34\/2002, de 11 de julio, de Servicios de la Sociedad de la Informaci\u00f3n y de Comercio Electr\u00f3nico, a continuaci\u00f3n se reflejan los siguientes datos:<\/p>\n<p>El titular de este sitio web es Lleure Olesa, S.L. (en adelante Valldolina), con C.I.F., B60524220, con domicilio en PLA\u00c7A DE LA CREU 1, Olesa de Bonesvalls, 08795 (Barcelona). Correo electr\u00f3nico de contacto info@valldolina.com<\/p>\n<p>La informaci\u00f3n contenida en www.valldolina.com, constituye un servicio de informaci\u00f3n de la empresa, nuestros vinos, espumosos, los vinos que se embotellan, as\u00ed como la agricultura aplicada y los m\u00e9todos de elaboraci\u00f3n en Valldolina.<\/p>\n<p>Aceptaci\u00f3n de las siguientes condiciones<br \/>El acceso a la Web www.valldolina.com implica la aceptaci\u00f3n de las condiciones de uso que est\u00e9n vigentes en cada momento en esta Web.<\/p>\n<p>Propiedad intelectual<br \/>El c\u00f3digo fuente, los dise\u00f1os gr\u00e1ficos, las im\u00e1genes, las fotograf\u00edas, las animaciones, el software, los textos, as\u00ed como la informaci\u00f3n y los contenidos que se recogen en www.valldolina.com est\u00e1n protegidos por la legislaci\u00f3n espa\u00f1ola y por la normativa reguladora de los derechos de propiedad intelectual e industrial a favor de Valldolina y no se permite la reproducci\u00f3n total o parcial de esta web, ni su tratamiento inform\u00e1tico, su comunicaci\u00f3n p\u00fablica, distribuci\u00f3n, difusi\u00f3n, modificaci\u00f3n, transformaci\u00f3n o descompilaci\u00f3n, sin el permiso previo y por escrito del titular de la web, Valldolina en cumplimiento de lo establecido en los art\u00edculos 8 y 32 de la Ley de Propiedad Intelectual.<\/p>\n<p>El usuario, \u00fanica y exclusivamente, podr\u00e1 utilizar el material que aparezca en este Web para su uso personal y privado, quedando prohibido su uso con fines comerciales o para incurrir en actividades il\u00edcitas. Todos los derechos derivados de la propiedad intelectual est\u00e1n expresamente reservados por Valldolina.<\/p>\n<p>Valldolina velar\u00e1 por el cumplimiento de las anteriores condiciones como por la debida utilizaci\u00f3n de los contenidos presentados en sus p\u00e1ginas web, ejercitando todas las acciones civiles y penales que le correspondan en el caso de infracci\u00f3n o incumplimiento de estos derechos por parte del usuario.<\/p>\n<p>Protecci\u00f3n de datos personales<br \/>El acceso o uso del sitio web no implica una recogida de datos personales del usuario por parte de Valldolina. No obstante, se comunica que, en caso de que Valldolina solicite datos de car\u00e1cter personal, el usuario ser\u00e1 debidamente informado de conformidad con el Reglamento General de Protecci\u00f3n de Datos y dem\u00e1s normativa aplicable en materia de protecci\u00f3n de datos.<\/p>\n<p>Los datos personales que Valldolina recoge en los distintos tipos de formularios, ser\u00e1n tratados con la finalidad de dar respuesta a la solicitud realizada por el interesado, as\u00ed como para el mantenimiento de la relaci\u00f3n, en su caso, y la gesti\u00f3n, administraci\u00f3n, informaci\u00f3n, prestaci\u00f3n y mejora de los servicios que decida contratar.<\/p>\n<p>Para obtener informaci\u00f3n m\u00e1s detallada sobre la protecci\u00f3n de datos, acceda a nuestra \u00abPol\u00edtica de privacidad\u00bb.<\/p>\n<p>Valldolina ha adoptado las medidas de \u00edndole t\u00e9cnica y organizativas necesarias para garantizar la seguridad de los datos y evitar su alteraci\u00f3n, p\u00e9rdida, tratamiento o acceso no autorizado, habida cuenta del estado de la tecnolog\u00eda, la naturaleza de los datos almacenados y los riesgos a que est\u00e1n expuestos, ya provengan de la acci\u00f3n humana o del medio f\u00edsico o natural.<\/p>\n<p>Datos en redes sociales<br \/>Valldolina cuenta con perfiles en diferentes redes sociales, por ello, debemos advertir al usuario que todos los datos publicados en estos perfiles ser\u00e1n vistos por todos los usuarios que interact\u00faen o consulten estos perfiles, tengan o no perfil propio en la red social, ya que todos los perfiles de Valldolina son p\u00fablicos. En consecuencia, toda la informaci\u00f3n y contenidos publicados por el usuario en los perfiles de Valldolina ser\u00e1n comunicados al resto de usuarios por la misma naturaleza del servicio. Le recomendamos que consulte las pol\u00edticas de privacidad de las redes sociales antes de utilizar estos servicios.<\/p>\n<p>En el caso de que el usuario env\u00ede informaci\u00f3n de cualquier tipo a Valldolina, especialmente en el caso de datos de terceros, a trav\u00e9s de redes sociales, el usuario declara y garantiza que est\u00e1 legitimado para enviar dicha informaci\u00f3n y que la misma no infringe ning\u00fan derecho de propiedad intelectual, de marca, de patente, secreto comercial, o cualquier otro derecho de tercero, que la informaci\u00f3n no tiene car\u00e1cter confidencial y que la misma no induce a error u ofende a terceros.<\/p>\n<p>Valldolina \u00fanicamente responde y garantiza la confidencialidad, seguridad y tratamiento de los datos conforme a la legislaci\u00f3n vigente, respecto de los datos recabados directamente del usuario, no teniendo ning\u00fan tipo de responsabilidad respecto de los posteriores tratamientos y utilizaciones que la red social pudiera llevar a cabo.<\/p>\n<p>Limitaci\u00f3n de responsabilidad<br \/>Valldolina no se responsabiliza de ning\u00fan da\u00f1o o perjuicio que pudieran derivarse del uso de los contenidos de la Web, siendo exclusiva responsabilidad del usuario que accede a los mismos.<\/p>\n<p>En el mismo sentido, Valldolina no se responsabiliza de posibles da\u00f1os o perjuicios que se pudieran derivar del uso de una versi\u00f3n no actualizada o defectuosa del navegador, de interrupciones en la conexi\u00f3n que se produzcan durante la transmisi\u00f3n de datos, de virus inform\u00e1ticos, de da\u00f1os o desconexiones en el funcionamiento del sistema telem\u00e1tico, de bloqueos causados por deficiencias o sobrecargas de las l\u00edneas telef\u00f3nicas, as\u00ed como de da\u00f1os que pudieran ser causados por terceras personas mediante intromisiones no autorizadas.<\/p>\n<p>El sitio web de Valldolina contiene enlaces a otros sitios web que pueden ser de inter\u00e9s para los usuarios. Valldolina no asume ninguna responsabilidad sobre estos enlaces, ni puede garantizar el cumplimiento de pol\u00edticas de privacidad adecuadas, por lo que el usuario accede al contenido de las citadas p\u00e1ginas Web en las condiciones de uso que se fijen en las mismas y bajo su exclusiva responsabilidad.<\/p>\n<p>Valldolina no se hace responsable del incumplimiento de cualquier norma aplicable en que pueda incurrir el usuario en su acceso al sitio web www.valldolina.com y\/o en el uso de las informaciones contenidas en el mismo.<\/p>\n<p>Valldolina se reserva el derecho a interrumpir o denegar, en cualquier momento y sin necesidad de aviso previo, el acceso de cualquier usuario a los contenidos de acceso restringido, cuando concurra alguna de las circunstancias descritas anteriormente.<\/p>\n<p>Enlaces<br \/>Todo enlace o links, hipertextual, framing, o cualquier otro tipo de conexi\u00f3n virtual a trav\u00e9s de redes de telecomunicaci\u00f3n desde cualquier sitio web a nuestra p\u00e1gina web, deber\u00e1 ser solicitado y autorizado previamente y por escrito por Valldolina, y en caso de no existir, los enlaces que se establezcan en esta web, deber\u00e1n hacerse a su p\u00e1gina principal.<\/p>\n<p>Los enlaces que se realizan a p\u00e1ginas web de terceros tienen \u00fanicamente una finalidad orientativa, siendo su objeto el poner a disposici\u00f3n del usuario otras fuentes de informaci\u00f3n que pudieran ser de su inter\u00e9s.<\/p>\n<p>Valldolina procura revisar peri\u00f3dicamente el contenido de sus enlaces. Sin embargo, es imposible conocer en todo momento el contenido concreto de los enlaces propuestos. Por ello, solicitamos la colaboraci\u00f3n de cualquier usuario que acceda a dichos contenidos en el supuesto de que estos puedan ser contrarios a la ley, la moral o el orden p\u00fablico, inform\u00e1ndonos a trav\u00e9s del siguiente correo electr\u00f3nico info@valldolina.com<\/p>\n<p>Responsabildad<br \/>En definitiva, el usuario es el \u00fanico responsable del uso que realice de los servicios, contenidos, enlaces (links) e hipertexto incluidos en el sitio web www.valldolina.com.<\/p>\n<p>Pol\u00edtica de privacidad<br \/>Los datos personales obtenidos a trav\u00e9s de los diferentes formularios de registro est\u00e1n sujetos a los t\u00e9rminos contenidos en nuestra Pol\u00edtica de Privacidad.<\/p>\n<p>Reserva<br \/>Valldolina se reserva la facultad de efectuar, en cualquier momento y sin necesidad de previo aviso, modificaciones y actualizaciones de la informaci\u00f3n contenida en su web o en la configuraci\u00f3n y presentaci\u00f3n de \u00e9ste. Asimismo, se reserva el derecho a suspender temporalmente, y sin necesidad de previo aviso, la accesibilidad a la Web por razones de eventual necesidad y para efectuar operaciones de mantenimiento, reparaci\u00f3n o mejora de la misma.<\/p>\n<p>Valldolina se reserva el derecho a incluir o retirar total o parcialmente de la web, cualquier informaci\u00f3n a su sola discreci\u00f3n.<\/p>\n<p>Legislaci\u00f3n y jurisdicci\u00f3n aplicables<br \/>Para todas aquellas cuestiones que puedan derivarse de la interpretaci\u00f3n, ejecuci\u00f3n o eventual incumplimiento de las presentes condiciones de uso, los usuarios, con renuncia a su fuero propio, y con independencia del lugar donde pueda surgir cualquier controversia, se someten expresamente a la jurisdicci\u00f3n y competencia de los juzgados y tribunales de Vilafranca del Pened\u00e8s (Barcelona).<\/p>\n<p>Estas condiciones se rigen, en todo caso, por la legislaci\u00f3n espa\u00f1ola.<\/p>\n<p>Valldolina, todos los derechos reservados.<\/p>\n\t\t\t\t\t\t\t\t<\/div>\n\t\t\t\t<\/div>\n\t\t\t\t\t<\/div>\n\t\t<\/div>\n\t\t\t\t\t<\/div>\n\t\t<\/section>\n\t\t\t\t<\/div>\n\t\t","protected":false},"excerpt":{"rendered":"<p>Aviso legal Datos identificativosEn cumplimiento con el deber de informaci\u00f3n recogido en el art\u00edculo 10 de la Ley 34\/2002, de 11 de julio, de Servicios de la Sociedad de la Informaci\u00f3n y de Comercio Electr\u00f3nico, a continuaci\u00f3n se reflejan los siguientes datos: El titular de este sitio web es Lleure Olesa, S.L. (en adelante Valldolina), [&hellip;]<\/p>\n","protected":false},"author":1,"featured_media":0,"parent":0,"menu_order":0,"comment_status":"closed","ping_status":"closed","template":"","meta":{"_acf_changed":false,"footnotes":""},"class_list":["post-6209","page","type-page","status-publish","hentry"],"acf":[],"yoast_head":"<!-- This site is optimized with the Yoast SEO plugin v27.3 - https:\/\/yoast.com\/product\/yoast-seo-wordpress\/ -->\n<title>Aviso legal - Valldolina<\/title>\n<meta name=\"robots\" content=\"index, follow, max-snippet:-1, max-image-preview:large, max-video-preview:-1\" \/>\n<link rel=\"canonical\" href=\"https:\/\/valldolina.com\/es\/aviso-legal\/\" \/>\n<meta property=\"og:locale\" content=\"es_ES\" \/>\n<meta property=\"og:type\" content=\"article\" \/>\n<meta property=\"og:title\" content=\"Aviso legal - Valldolina\" \/>\n<meta property=\"og:description\" content=\"Aviso legal Datos identificativosEn cumplimiento con el deber de informaci\u00f3n recogido en el art\u00edculo 10 de la Ley 34\/2002, de 11 de julio, de Servicios de la Sociedad de la Informaci\u00f3n y de Comercio Electr\u00f3nico, a continuaci\u00f3n se reflejan los siguientes datos: El titular de este sitio web es Lleure Olesa, S.L. (en adelante Valldolina), [&hellip;]\" \/>\n<meta property=\"og:url\" content=\"https:\/\/valldolina.com\/es\/aviso-legal\/\" \/>\n<meta property=\"og:site_name\" content=\"Valldolina\" \/>\n<meta property=\"article:publisher\" content=\"https:\/\/www.facebook.com\/valldolina.eco\/?locale=es_ES\" \/>\n<meta property=\"article:modified_time\" content=\"2023-06-09T10:11:18+00:00\" \/>\n<meta name=\"twitter:card\" content=\"summary_large_image\" \/>\n<meta name=\"twitter:label1\" content=\"Tiempo de lectura\" \/>\n\t<meta name=\"twitter:data1\" content=\"8 minutos\" \/>\n<script type=\"application\/ld+json\" class=\"yoast-schema-graph\">{\"@context\":\"https:\\\/\\\/schema.org\",\"@graph\":[{\"@type\":\"WebPage\",\"@id\":\"https:\\\/\\\/valldolina.com\\\/es\\\/aviso-legal\\\/\",\"url\":\"https:\\\/\\\/valldolina.com\\\/es\\\/aviso-legal\\\/\",\"name\":\"Aviso legal - Valldolina\",\"isPartOf\":{\"@id\":\"https:\\\/\\\/valldolina.com\\\/#website\"},\"datePublished\":\"2022-08-09T17:21:45+00:00\",\"dateModified\":\"2023-06-09T10:11:18+00:00\",\"breadcrumb\":{\"@id\":\"https:\\\/\\\/valldolina.com\\\/es\\\/aviso-legal\\\/#breadcrumb\"},\"inLanguage\":\"es\",\"potentialAction\":[{\"@type\":\"ReadAction\",\"target\":[\"https:\\\/\\\/valldolina.com\\\/es\\\/aviso-legal\\\/\"]}]},{\"@type\":\"BreadcrumbList\",\"@id\":\"https:\\\/\\\/valldolina.com\\\/es\\\/aviso-legal\\\/#breadcrumb\",\"itemListElement\":[{\"@type\":\"ListItem\",\"position\":1,\"name\":\"Inici\",\"item\":\"https:\\\/\\\/valldolina.com\\\/es\\\/home\\\/\"},{\"@type\":\"ListItem\",\"position\":2,\"name\":\"Aviso legal\"}]},{\"@type\":\"WebSite\",\"@id\":\"https:\\\/\\\/valldolina.com\\\/#website\",\"url\":\"https:\\\/\\\/valldolina.com\\\/\",\"name\":\"Vinos y cavas ecol\u00f3gicos\",\"description\":\"Viticultors i elaboradors\",\"publisher\":{\"@id\":\"https:\\\/\\\/valldolina.com\\\/#organization\"},\"potentialAction\":[{\"@type\":\"SearchAction\",\"target\":{\"@type\":\"EntryPoint\",\"urlTemplate\":\"https:\\\/\\\/valldolina.com\\\/?s={search_term_string}\"},\"query-input\":{\"@type\":\"PropertyValueSpecification\",\"valueRequired\":true,\"valueName\":\"search_term_string\"}}],\"inLanguage\":\"es\"},{\"@type\":\"Organization\",\"@id\":\"https:\\\/\\\/valldolina.com\\\/#organization\",\"name\":\"Valldolina\",\"url\":\"https:\\\/\\\/valldolina.com\\\/\",\"logo\":{\"@type\":\"ImageObject\",\"inLanguage\":\"es\",\"@id\":\"https:\\\/\\\/valldolina.com\\\/#\\\/schema\\\/logo\\\/image\\\/\",\"url\":\"https:\\\/\\\/valldolina.com\\\/wp-content\\\/uploads\\\/2022\\\/07\\\/cropped-Layer-1-1.png\",\"contentUrl\":\"https:\\\/\\\/valldolina.com\\\/wp-content\\\/uploads\\\/2022\\\/07\\\/cropped-Layer-1-1.png\",\"width\":1054,\"height\":302,\"caption\":\"Valldolina\"},\"image\":{\"@id\":\"https:\\\/\\\/valldolina.com\\\/#\\\/schema\\\/logo\\\/image\\\/\"},\"sameAs\":[\"https:\\\/\\\/www.facebook.com\\\/valldolina.eco\\\/?locale=es_ES\",\"https:\\\/\\\/www.instagram.com\\\/valldolina\\\/?hl=es\"]}]}<\/script>\n<!-- \/ Yoast SEO plugin. -->","yoast_head_json":{"title":"Aviso legal - Valldolina","robots":{"index":"index","follow":"follow","max-snippet":"max-snippet:-1","max-image-preview":"max-image-preview:large","max-video-preview":"max-video-preview:-1"},"canonical":"https:\/\/valldolina.com\/es\/aviso-legal\/","og_locale":"es_ES","og_type":"article","og_title":"Aviso legal - Valldolina","og_description":"Aviso legal Datos identificativosEn cumplimiento con el deber de informaci\u00f3n recogido en el art\u00edculo 10 de la Ley 34\/2002, de 11 de julio, de Servicios de la Sociedad de la Informaci\u00f3n y de Comercio Electr\u00f3nico, a continuaci\u00f3n se reflejan los siguientes datos: El titular de este sitio web es Lleure Olesa, S.L. (en adelante Valldolina), [&hellip;]","og_url":"https:\/\/valldolina.com\/es\/aviso-legal\/","og_site_name":"Valldolina","article_publisher":"https:\/\/www.facebook.com\/valldolina.eco\/?locale=es_ES","article_modified_time":"2023-06-09T10:11:18+00:00","twitter_card":"summary_large_image","twitter_misc":{"Tiempo de lectura":"8 minutos"},"schema":{"@context":"https:\/\/schema.org","@graph":[{"@type":"WebPage","@id":"https:\/\/valldolina.com\/es\/aviso-legal\/","url":"https:\/\/valldolina.com\/es\/aviso-legal\/","name":"Aviso legal - Valldolina","isPartOf":{"@id":"https:\/\/valldolina.com\/#website"},"datePublished":"2022-08-09T17:21:45+00:00","dateModified":"2023-06-09T10:11:18+00:00","breadcrumb":{"@id":"https:\/\/valldolina.com\/es\/aviso-legal\/#breadcrumb"},"inLanguage":"es","potentialAction":[{"@type":"ReadAction","target":["https:\/\/valldolina.com\/es\/aviso-legal\/"]}]},{"@type":"BreadcrumbList","@id":"https:\/\/valldolina.com\/es\/aviso-legal\/#breadcrumb","itemListElement":[{"@type":"ListItem","position":1,"name":"Inici","item":"https:\/\/valldolina.com\/es\/home\/"},{"@type":"ListItem","position":2,"name":"Aviso legal"}]},{"@type":"WebSite","@id":"https:\/\/valldolina.com\/#website","url":"https:\/\/valldolina.com\/","name":"Vinos y cavas ecol\u00f3gicos","description":"Viticultors i elaboradors","publisher":{"@id":"https:\/\/valldolina.com\/#organization"},"potentialAction":[{"@type":"SearchAction","target":{"@type":"EntryPoint","urlTemplate":"https:\/\/valldolina.com\/?s={search_term_string}"},"query-input":{"@type":"PropertyValueSpecification","valueRequired":true,"valueName":"search_term_string"}}],"inLanguage":"es"},{"@type":"Organization","@id":"https:\/\/valldolina.com\/#organization","name":"Valldolina","url":"https:\/\/valldolina.com\/","logo":{"@type":"ImageObject","inLanguage":"es","@id":"https:\/\/valldolina.com\/#\/schema\/logo\/image\/","url":"https:\/\/valldolina.com\/wp-content\/uploads\/2022\/07\/cropped-Layer-1-1.png","contentUrl":"https:\/\/valldolina.com\/wp-content\/uploads\/2022\/07\/cropped-Layer-1-1.png","width":1054,"height":302,"caption":"Valldolina"},"image":{"@id":"https:\/\/valldolina.com\/#\/schema\/logo\/image\/"},"sameAs":["https:\/\/www.facebook.com\/valldolina.eco\/?locale=es_ES","https:\/\/www.instagram.com\/valldolina\/?hl=es"]}]}},"_links":{"self":[{"href":"https:\/\/valldolina.com\/es\/wp-json\/wp\/v2\/pages\/6209","targetHints":{"allow":["GET"]}}],"collection":[{"href":"https:\/\/valldolina.com\/es\/wp-json\/wp\/v2\/pages"}],"about":[{"href":"https:\/\/valldolina.com\/es\/wp-json\/wp\/v2\/types\/page"}],"author":[{"embeddable":true,"href":"https:\/\/valldolina.com\/es\/wp-json\/wp\/v2\/users\/1"}],"replies":[{"embeddable":true,"href":"https:\/\/valldolina.com\/es\/wp-json\/wp\/v2\/comments?post=6209"}],"version-history":[{"count":0,"href":"https:\/\/valldolina.com\/es\/wp-json\/wp\/v2\/pages\/6209\/revisions"}],"wp:attachment":[{"href":"https:\/\/valldolina.com\/es\/wp-json\/wp\/v2\/media?parent=6209"}],"curies":[{"name":"wp","href":"https:\/\/api.w.org\/{rel}","templated":true}]}}