{"id":6283,"date":"2022-09-13T22:02:25","date_gmt":"2022-09-13T22:02:25","guid":{"rendered":"https:\/\/valldolina.com\/producte\/tutusaus-brut-nature-gran-reserva-cava\/"},"modified":"2025-11-28T17:01:45","modified_gmt":"2025-11-28T17:01:45","slug":"tutusaus-brut-nature-gran-reserva","status":"publish","type":"product","link":"https:\/\/valldolina.com\/es\/producte\/tutusaus-brut-nature-gran-reserva\/","title":{"rendered":"Tutusaus Brut Nature Gran Reserva"},"content":{"rendered":"<p><strong>100% Macizo del Garraf. <\/strong><br \/>\n<strong>Vinos de monta\u00f1a.<\/strong><br \/>\n<strong>Vi\u00f1edos viejos.<\/strong><\/p>\n<p>&nbsp;<\/p>\n<p>Caracter\u00edstico reflejo de la bodega de Can Tutusaus, all\u00ed donde suceden todas las cosas desde el a\u00f1o 1729. Honesto homenaje a los or\u00edgenes.<\/p>\n","protected":false},"excerpt":{"rendered":"<p>Cava.<\/p>\n<div id=\"gtx-trans\" style=\"position: absolute; left: -31px; top: -9.5px;\">\n<div class=\"gtx-trans-icon\"><\/div>\n<\/div>\n","protected":false},"featured_media":6062,"template":"","meta":{"_acf_changed":false},"product_brand":[],"product_cat":[71,70],"product_tag":[],"class_list":{"0":"post-6283","1":"product","2":"type-product","3":"status-publish","4":"has-post-thumbnail","6":"product_cat-brut-es","7":"product_cat-cavas","9":"first","10":"instock","11":"taxable","12":"shipping-taxable","13":"purchasable","14":"product-type-simple"},"acf":[],"yoast_head":"<!-- This site is optimized with the Yoast SEO plugin v27.3 - https:\/\/yoast.com\/product\/yoast-seo-wordpress\/ -->\n<title>Tutusaus Brut Nature Gran Reserva - Valldolina<\/title>\n<meta name=\"description\" content=\"Cava Tutusaus Brut Nature Gran Reserva, caracter\u00edstico reflejo de la bodega de Can Tutusaus desde el a\u00f1o 1729. Honesto homenaje a los or\u00edgenes.\" \/>\n<meta name=\"robots\" content=\"index, follow, max-snippet:-1, max-image-preview:large, max-video-preview:-1\" \/>\n<link rel=\"canonical\" href=\"https:\/\/valldolina.com\/es\/producte\/tutusaus-brut-nature-gran-reserva\/\" \/>\n<meta property=\"og:locale\" content=\"es_ES\" \/>\n<meta property=\"og:type\" content=\"article\" \/>\n<meta property=\"og:title\" content=\"Tutusaus Brut Nature Gran Reserva - Valldolina\" \/>\n<meta property=\"og:description\" content=\"Cava Tutusaus Brut Nature Gran Reserva, caracter\u00edstico reflejo de la bodega de Can Tutusaus desde el a\u00f1o 1729. Honesto homenaje a los or\u00edgenes.\" \/>\n<meta property=\"og:url\" content=\"https:\/\/valldolina.com\/es\/producte\/tutusaus-brut-nature-gran-reserva\/\" \/>\n<meta property=\"og:site_name\" content=\"Valldolina\" \/>\n<meta property=\"article:publisher\" content=\"https:\/\/www.facebook.com\/valldolina.eco\/?locale=es_ES\" \/>\n<meta property=\"article:modified_time\" content=\"2025-11-28T17:01:45+00:00\" \/>\n<meta property=\"og:image\" content=\"https:\/\/valldolina.com\/wp-content\/uploads\/2022\/09\/Tutusaus-Brut-Nature-Gran-Reserva_Mesa-de-trabajo-1-1-scaled.webp\" \/>\n\t<meta property=\"og:image:width\" content=\"906\" \/>\n\t<meta property=\"og:image:height\" content=\"2560\" \/>\n\t<meta property=\"og:image:type\" content=\"image\/webp\" \/>\n<meta name=\"twitter:card\" content=\"summary_large_image\" \/>\n<script type=\"application\/ld+json\" class=\"yoast-schema-graph\">{\"@context\":\"https:\\\/\\\/schema.org\",\"@graph\":[{\"@type\":\"WebPage\",\"@id\":\"https:\\\/\\\/valldolina.com\\\/es\\\/producte\\\/tutusaus-brut-nature-gran-reserva\\\/\",\"url\":\"https:\\\/\\\/valldolina.com\\\/es\\\/producte\\\/tutusaus-brut-nature-gran-reserva\\\/\",\"name\":\"Tutusaus Brut Nature Gran Reserva - Valldolina\",\"isPartOf\":{\"@id\":\"https:\\\/\\\/valldolina.com\\\/#website\"},\"primaryImageOfPage\":{\"@id\":\"https:\\\/\\\/valldolina.com\\\/es\\\/producte\\\/tutusaus-brut-nature-gran-reserva\\\/#primaryimage\"},\"image\":{\"@id\":\"https:\\\/\\\/valldolina.com\\\/es\\\/producte\\\/tutusaus-brut-nature-gran-reserva\\\/#primaryimage\"},\"thumbnailUrl\":\"https:\\\/\\\/valldolina.com\\\/wp-content\\\/uploads\\\/2022\\\/09\\\/Tutusaus-Brut-Nature-Gran-Reserva_Mesa-de-trabajo-1-1-scaled.webp\",\"datePublished\":\"2022-09-13T22:02:25+00:00\",\"dateModified\":\"2025-11-28T17:01:45+00:00\",\"description\":\"Cava Tutusaus Brut Nature Gran Reserva, caracter\u00edstico reflejo de la bodega de Can Tutusaus desde el a\u00f1o 1729. Honesto homenaje a los or\u00edgenes.\",\"breadcrumb\":{\"@id\":\"https:\\\/\\\/valldolina.com\\\/es\\\/producte\\\/tutusaus-brut-nature-gran-reserva\\\/#breadcrumb\"},\"inLanguage\":\"es\",\"potentialAction\":[{\"@type\":\"ReadAction\",\"target\":[\"https:\\\/\\\/valldolina.com\\\/es\\\/producte\\\/tutusaus-brut-nature-gran-reserva\\\/\"]}]},{\"@type\":\"ImageObject\",\"inLanguage\":\"es\",\"@id\":\"https:\\\/\\\/valldolina.com\\\/es\\\/producte\\\/tutusaus-brut-nature-gran-reserva\\\/#primaryimage\",\"url\":\"https:\\\/\\\/valldolina.com\\\/wp-content\\\/uploads\\\/2022\\\/09\\\/Tutusaus-Brut-Nature-Gran-Reserva_Mesa-de-trabajo-1-1-scaled.webp\",\"contentUrl\":\"https:\\\/\\\/valldolina.com\\\/wp-content\\\/uploads\\\/2022\\\/09\\\/Tutusaus-Brut-Nature-Gran-Reserva_Mesa-de-trabajo-1-1-scaled.webp\",\"width\":906,\"height\":2560},{\"@type\":\"BreadcrumbList\",\"@id\":\"https:\\\/\\\/valldolina.com\\\/es\\\/producte\\\/tutusaus-brut-nature-gran-reserva\\\/#breadcrumb\",\"itemListElement\":[{\"@type\":\"ListItem\",\"position\":1,\"name\":\"Inici\",\"item\":\"https:\\\/\\\/valldolina.com\\\/es\\\/home\\\/\"},{\"@type\":\"ListItem\",\"position\":2,\"name\":\"Tienda\",\"item\":\"https:\\\/\\\/valldolina.com\\\/es\\\/tienda\\\/\"},{\"@type\":\"ListItem\",\"position\":3,\"name\":\"Tutusaus Brut Nature Gran Reserva\"}]},{\"@type\":\"WebSite\",\"@id\":\"https:\\\/\\\/valldolina.com\\\/#website\",\"url\":\"https:\\\/\\\/valldolina.com\\\/\",\"name\":\"Vinos y cavas ecol\u00f3gicos\",\"description\":\"Viticultors i elaboradors\",\"publisher\":{\"@id\":\"https:\\\/\\\/valldolina.com\\\/#organization\"},\"potentialAction\":[{\"@type\":\"SearchAction\",\"target\":{\"@type\":\"EntryPoint\",\"urlTemplate\":\"https:\\\/\\\/valldolina.com\\\/?s={search_term_string}\"},\"query-input\":{\"@type\":\"PropertyValueSpecification\",\"valueRequired\":true,\"valueName\":\"search_term_string\"}}],\"inLanguage\":\"es\"},{\"@type\":\"Organization\",\"@id\":\"https:\\\/\\\/valldolina.com\\\/#organization\",\"name\":\"Valldolina\",\"url\":\"https:\\\/\\\/valldolina.com\\\/\",\"logo\":{\"@type\":\"ImageObject\",\"inLanguage\":\"es\",\"@id\":\"https:\\\/\\\/valldolina.com\\\/#\\\/schema\\\/logo\\\/image\\\/\",\"url\":\"https:\\\/\\\/valldolina.com\\\/wp-content\\\/uploads\\\/2022\\\/07\\\/cropped-Layer-1-1.png\",\"contentUrl\":\"https:\\\/\\\/valldolina.com\\\/wp-content\\\/uploads\\\/2022\\\/07\\\/cropped-Layer-1-1.png\",\"width\":1054,\"height\":302,\"caption\":\"Valldolina\"},\"image\":{\"@id\":\"https:\\\/\\\/valldolina.com\\\/#\\\/schema\\\/logo\\\/image\\\/\"},\"sameAs\":[\"https:\\\/\\\/www.facebook.com\\\/valldolina.eco\\\/?locale=es_ES\",\"https:\\\/\\\/www.instagram.com\\\/valldolina\\\/?hl=es\"]}]}<\/script>\n<!-- \/ Yoast SEO plugin. -->","yoast_head_json":{"title":"Tutusaus Brut Nature Gran Reserva - Valldolina","description":"Cava Tutusaus Brut Nature Gran Reserva, caracter\u00edstico reflejo de la bodega de Can Tutusaus desde el a\u00f1o 1729. Honesto homenaje a los or\u00edgenes.","robots":{"index":"index","follow":"follow","max-snippet":"max-snippet:-1","max-image-preview":"max-image-preview:large","max-video-preview":"max-video-preview:-1"},"canonical":"https:\/\/valldolina.com\/es\/producte\/tutusaus-brut-nature-gran-reserva\/","og_locale":"es_ES","og_type":"article","og_title":"Tutusaus Brut Nature Gran Reserva - Valldolina","og_description":"Cava Tutusaus Brut Nature Gran Reserva, caracter\u00edstico reflejo de la bodega de Can Tutusaus desde el a\u00f1o 1729. Honesto homenaje a los or\u00edgenes.","og_url":"https:\/\/valldolina.com\/es\/producte\/tutusaus-brut-nature-gran-reserva\/","og_site_name":"Valldolina","article_publisher":"https:\/\/www.facebook.com\/valldolina.eco\/?locale=es_ES","article_modified_time":"2025-11-28T17:01:45+00:00","og_image":[{"width":906,"height":2560,"url":"https:\/\/valldolina.com\/wp-content\/uploads\/2022\/09\/Tutusaus-Brut-Nature-Gran-Reserva_Mesa-de-trabajo-1-1-scaled.webp","type":"image\/webp"}],"twitter_card":"summary_large_image","schema":{"@context":"https:\/\/schema.org","@graph":[{"@type":"WebPage","@id":"https:\/\/valldolina.com\/es\/producte\/tutusaus-brut-nature-gran-reserva\/","url":"https:\/\/valldolina.com\/es\/producte\/tutusaus-brut-nature-gran-reserva\/","name":"Tutusaus Brut Nature Gran Reserva - Valldolina","isPartOf":{"@id":"https:\/\/valldolina.com\/#website"},"primaryImageOfPage":{"@id":"https:\/\/valldolina.com\/es\/producte\/tutusaus-brut-nature-gran-reserva\/#primaryimage"},"image":{"@id":"https:\/\/valldolina.com\/es\/producte\/tutusaus-brut-nature-gran-reserva\/#primaryimage"},"thumbnailUrl":"https:\/\/valldolina.com\/wp-content\/uploads\/2022\/09\/Tutusaus-Brut-Nature-Gran-Reserva_Mesa-de-trabajo-1-1-scaled.webp","datePublished":"2022-09-13T22:02:25+00:00","dateModified":"2025-11-28T17:01:45+00:00","description":"Cava Tutusaus Brut Nature Gran Reserva, caracter\u00edstico reflejo de la bodega de Can Tutusaus desde el a\u00f1o 1729. Honesto homenaje a los or\u00edgenes.","breadcrumb":{"@id":"https:\/\/valldolina.com\/es\/producte\/tutusaus-brut-nature-gran-reserva\/#breadcrumb"},"inLanguage":"es","potentialAction":[{"@type":"ReadAction","target":["https:\/\/valldolina.com\/es\/producte\/tutusaus-brut-nature-gran-reserva\/"]}]},{"@type":"ImageObject","inLanguage":"es","@id":"https:\/\/valldolina.com\/es\/producte\/tutusaus-brut-nature-gran-reserva\/#primaryimage","url":"https:\/\/valldolina.com\/wp-content\/uploads\/2022\/09\/Tutusaus-Brut-Nature-Gran-Reserva_Mesa-de-trabajo-1-1-scaled.webp","contentUrl":"https:\/\/valldolina.com\/wp-content\/uploads\/2022\/09\/Tutusaus-Brut-Nature-Gran-Reserva_Mesa-de-trabajo-1-1-scaled.webp","width":906,"height":2560},{"@type":"BreadcrumbList","@id":"https:\/\/valldolina.com\/es\/producte\/tutusaus-brut-nature-gran-reserva\/#breadcrumb","itemListElement":[{"@type":"ListItem","position":1,"name":"Inici","item":"https:\/\/valldolina.com\/es\/home\/"},{"@type":"ListItem","position":2,"name":"Tienda","item":"https:\/\/valldolina.com\/es\/tienda\/"},{"@type":"ListItem","position":3,"name":"Tutusaus Brut Nature Gran Reserva"}]},{"@type":"WebSite","@id":"https:\/\/valldolina.com\/#website","url":"https:\/\/valldolina.com\/","name":"Vinos y cavas ecol\u00f3gicos","description":"Viticultors i elaboradors","publisher":{"@id":"https:\/\/valldolina.com\/#organization"},"potentialAction":[{"@type":"SearchAction","target":{"@type":"EntryPoint","urlTemplate":"https:\/\/valldolina.com\/?s={search_term_string}"},"query-input":{"@type":"PropertyValueSpecification","valueRequired":true,"valueName":"search_term_string"}}],"inLanguage":"es"},{"@type":"Organization","@id":"https:\/\/valldolina.com\/#organization","name":"Valldolina","url":"https:\/\/valldolina.com\/","logo":{"@type":"ImageObject","inLanguage":"es","@id":"https:\/\/valldolina.com\/#\/schema\/logo\/image\/","url":"https:\/\/valldolina.com\/wp-content\/uploads\/2022\/07\/cropped-Layer-1-1.png","contentUrl":"https:\/\/valldolina.com\/wp-content\/uploads\/2022\/07\/cropped-Layer-1-1.png","width":1054,"height":302,"caption":"Valldolina"},"image":{"@id":"https:\/\/valldolina.com\/#\/schema\/logo\/image\/"},"sameAs":["https:\/\/www.facebook.com\/valldolina.eco\/?locale=es_ES","https:\/\/www.instagram.com\/valldolina\/?hl=es"]}]}},"_links":{"self":[{"href":"https:\/\/valldolina.com\/es\/wp-json\/wp\/v2\/product\/6283","targetHints":{"allow":["GET"]}}],"collection":[{"href":"https:\/\/valldolina.com\/es\/wp-json\/wp\/v2\/product"}],"about":[{"href":"https:\/\/valldolina.com\/es\/wp-json\/wp\/v2\/types\/product"}],"wp:featuredmedia":[{"embeddable":true,"href":"https:\/\/valldolina.com\/es\/wp-json\/wp\/v2\/media\/6062"}],"wp:attachment":[{"href":"https:\/\/valldolina.com\/es\/wp-json\/wp\/v2\/media?parent=6283"}],"wp:term":[{"taxonomy":"product_brand","embeddable":true,"href":"https:\/\/valldolina.com\/es\/wp-json\/wp\/v2\/product_brand?post=6283"},{"taxonomy":"product_cat","embeddable":true,"href":"https:\/\/valldolina.com\/es\/wp-json\/wp\/v2\/product_cat?post=6283"},{"taxonomy":"product_tag","embeddable":true,"href":"https:\/\/valldolina.com\/es\/wp-json\/wp\/v2\/product_tag?post=6283"}],"curies":[{"name":"wp","href":"https:\/\/api.w.org\/{rel}","templated":true}]}}